{"id":6093,"date":"2025-05-15T12:13:09","date_gmt":"2025-05-15T12:13:09","guid":{"rendered":"https:\/\/mieslabon.com\/web\/?page_id=6093"},"modified":"2025-05-15T12:41:45","modified_gmt":"2025-05-15T12:41:45","slug":"demo-universidades","status":"publish","type":"page","link":"https:\/\/mieslabon.com\/web\/demo-universidades\/","title":{"rendered":"Demo UNIVERSIDADES"},"content":{"rendered":"\t\t<div data-elementor-type=\"wp-page\" data-elementor-id=\"6093\" class=\"elementor elementor-6093\">\n\t\t\t\t\t\t<div class=\"elementor-inner\">\n\t\t\t\t<div class=\"elementor-section-wrap\">\n\t\t\t\t\t\t\t\t\t<section class=\"elementor-section elementor-top-section elementor-element elementor-element-3af7807 elementor-section-full_width elementor-reverse-mobile elementor-section-stretched elementor-section-height-default elementor-section-height-default\" data-id=\"3af7807\" data-element_type=\"section\" data-settings=\"{&quot;background_background&quot;:&quot;classic&quot;,&quot;stretch_section&quot;:&quot;section-stretched&quot;}\">\n\t\t\t\t\t\t<div class=\"elementor-container elementor-column-gap-default\">\n\t\t\t\t\t\t\t<div class=\"elementor-row\">\n\t\t\t\t\t<div class=\"elementor-column elementor-col-33 elementor-top-column elementor-element elementor-element-57c025e\" data-id=\"57c025e\" data-element_type=\"column\">\n\t\t\t<div class=\"elementor-column-wrap elementor-element-populated\">\n\t\t\t\t\t\t\t<div class=\"elementor-widget-wrap\">\n\t\t\t\t\t\t<div class=\"elementor-element elementor-element-b3857fe elementor-widget elementor-widget-image\" data-id=\"b3857fe\" data-element_type=\"widget\" data-widget_type=\"image.default\">\n\t\t\t\t<div class=\"elementor-widget-container\">\n\t\t\t\t\t\t\t\t<div class=\"elementor-image\">\n\t\t\t\t\t\t\t\t\t\t\t\t<img loading=\"lazy\" decoding=\"async\" width=\"1920\" height=\"643\" src=\"https:\/\/mieslabon.com\/web\/wp-content\/uploads\/2025\/05\/blanco_Mesa-de-trabajo-1.png\" class=\"attachment-full size-full\" alt=\"\" srcset=\"https:\/\/mieslabon.com\/web\/wp-content\/uploads\/2025\/05\/blanco_Mesa-de-trabajo-1.png 1920w, https:\/\/mieslabon.com\/web\/wp-content\/uploads\/2025\/05\/blanco_Mesa-de-trabajo-1-300x100.png 300w, https:\/\/mieslabon.com\/web\/wp-content\/uploads\/2025\/05\/blanco_Mesa-de-trabajo-1-1024x343.png 1024w, https:\/\/mieslabon.com\/web\/wp-content\/uploads\/2025\/05\/blanco_Mesa-de-trabajo-1-768x257.png 768w, https:\/\/mieslabon.com\/web\/wp-content\/uploads\/2025\/05\/blanco_Mesa-de-trabajo-1-1536x514.png 1536w\" sizes=\"auto, (max-width: 1920px) 100vw, 1920px\" \/>\t\t\t\t\t\t\t\t\t\t\t\t\t\t<\/div>\n\t\t\t\t\t\t<\/div>\n\t\t\t\t<\/div>\n\t\t\t\t<div class=\"elementor-element elementor-element-964cc24 elementor-widget elementor-widget-image\" data-id=\"964cc24\" data-element_type=\"widget\" data-widget_type=\"image.default\">\n\t\t\t\t<div class=\"elementor-widget-container\">\n\t\t\t\t\t\t\t\t<div class=\"elementor-image\">\n\t\t\t\t\t\t\t\t\t\t\t\t<img loading=\"lazy\" decoding=\"async\" width=\"800\" height=\"470\" src=\"https:\/\/mieslabon.com\/web\/wp-content\/uploads\/2025\/05\/Portafolio-PC-69-1024x602.png\" class=\"attachment-large size-large\" alt=\"\" srcset=\"https:\/\/mieslabon.com\/web\/wp-content\/uploads\/2025\/05\/Portafolio-PC-69-1024x602.png 1024w, https:\/\/mieslabon.com\/web\/wp-content\/uploads\/2025\/05\/Portafolio-PC-69-300x176.png 300w, https:\/\/mieslabon.com\/web\/wp-content\/uploads\/2025\/05\/Portafolio-PC-69-768x451.png 768w, https:\/\/mieslabon.com\/web\/wp-content\/uploads\/2025\/05\/Portafolio-PC-69.png 1384w\" sizes=\"auto, (max-width: 800px) 100vw, 800px\" \/>\t\t\t\t\t\t\t\t\t\t\t\t\t\t<\/div>\n\t\t\t\t\t\t<\/div>\n\t\t\t\t<\/div>\n\t\t\t\t<div class=\"elementor-element elementor-element-73b06cb elementor-widget elementor-widget-heading\" data-id=\"73b06cb\" data-element_type=\"widget\" data-widget_type=\"heading.default\">\n\t\t\t\t<div class=\"elementor-widget-container\">\n\t\t\t<h2 class=\"elementor-heading-title elementor-size-default\">Con\u00e9ctate desde un solo lugar con <\/h2>\t\t<\/div>\n\t\t\t\t<\/div>\n\t\t\t\t<div class=\"elementor-element elementor-element-0a16715 elementor-widget elementor-widget-heading\" data-id=\"0a16715\" data-element_type=\"widget\" data-widget_type=\"heading.default\">\n\t\t\t\t<div class=\"elementor-widget-container\">\n\t\t\t<h2 class=\"elementor-heading-title elementor-size-default\"><span style=\"background-color: #F8D10C; border-radius: 20px; padding: 4px 8px;\"> \n +50.000 bachilleres<\/h2>\t\t<\/div>\n\t\t\t\t<\/div>\n\t\t\t\t<div class=\"elementor-element elementor-element-12a24e2 elementor-widget elementor-widget-heading\" data-id=\"12a24e2\" data-element_type=\"widget\" data-widget_type=\"heading.default\">\n\t\t\t\t<div class=\"elementor-widget-container\">\n\t\t\t<h2 class=\"elementor-heading-title elementor-size-default\">de +400 colegios en <strong><span style=\"color: #F8D10C;\">+24 departamentos<\/strong><\/h2>\t\t<\/div>\n\t\t\t\t<\/div>\n\t\t\t\t<div class=\"elementor-element elementor-element-9fa875f elementor-widget elementor-widget-heading\" data-id=\"9fa875f\" data-element_type=\"widget\" data-widget_type=\"heading.default\">\n\t\t\t\t<div class=\"elementor-widget-container\">\n\t\t\t<h2 class=\"elementor-heading-title elementor-size-default\">Somos tu aliado estrat\u00e9gico para atraer a los perfiles ideales para tu <strong><strong>oferta acad\u00e9mica,<\/strong><\/strong> mientras brindas a tus estudiantes universitarios oportunidades reales a trav\u00e9s de <strong><strong>nuestras convocatorias<\/strong><\/strong><\/h2>\t\t<\/div>\n\t\t\t\t<\/div>\n\t\t\t\t<div class=\"elementor-element elementor-element-dd4eecc elementor-widget-divider--view-line elementor-widget elementor-widget-divider\" data-id=\"dd4eecc\" data-element_type=\"widget\" data-widget_type=\"divider.default\">\n\t\t\t\t<div class=\"elementor-widget-container\">\n\t\t\t\t\t<div class=\"elementor-divider\">\n\t\t\t<span class=\"elementor-divider-separator\">\n\t\t\t\t\t\t<\/span>\n\t\t<\/div>\n\t\t\t\t<\/div>\n\t\t\t\t<\/div>\n\t\t\t\t<div class=\"elementor-element elementor-element-0e81f56 elementor-widget elementor-widget-heading\" data-id=\"0e81f56\" data-element_type=\"widget\" data-widget_type=\"heading.default\">\n\t\t\t\t<div class=\"elementor-widget-container\">\n\t\t\t<h2 class=\"elementor-heading-title elementor-size-default\">Marcas que conf\u00edan en nuestros resultados<\/h2>\t\t<\/div>\n\t\t\t\t<\/div>\n\t\t\t\t<div class=\"elementor-element elementor-element-bdf2c64 elementor-arrows-position-outside elementor-pagination-position-outside elementor-widget elementor-widget-image-carousel\" data-id=\"bdf2c64\" data-element_type=\"widget\" data-settings=\"{&quot;slides_to_show&quot;:&quot;4&quot;,&quot;image_spacing_custom&quot;:{&quot;unit&quot;:&quot;px&quot;,&quot;size&quot;:28,&quot;sizes&quot;:[]},&quot;slides_to_show_mobile&quot;:&quot;2&quot;,&quot;navigation&quot;:&quot;both&quot;,&quot;autoplay&quot;:&quot;yes&quot;,&quot;pause_on_hover&quot;:&quot;yes&quot;,&quot;pause_on_interaction&quot;:&quot;yes&quot;,&quot;autoplay_speed&quot;:5000,&quot;infinite&quot;:&quot;yes&quot;,&quot;speed&quot;:500}\" data-widget_type=\"image-carousel.default\">\n\t\t\t\t<div class=\"elementor-widget-container\">\n\t\t\t\t\t<div class=\"elementor-image-carousel-wrapper swiper-container\" dir=\"ltr\">\n\t\t\t<div class=\"elementor-image-carousel swiper-wrapper\">\n\t\t\t\t\t\t\t\t<div class=\"swiper-slide\"><figure class=\"swiper-slide-inner\"><img decoding=\"async\" class=\"swiper-slide-image\" src=\"https:\/\/mieslabon.com\/web\/wp-content\/uploads\/2024\/05\/Marcas-34-1.png\" alt=\"Marcas-34\" \/><\/figure><\/div><div class=\"swiper-slide\"><figure class=\"swiper-slide-inner\"><img decoding=\"async\" class=\"swiper-slide-image\" src=\"https:\/\/mieslabon.com\/web\/wp-content\/uploads\/2024\/05\/Marcas-40-1.png\" alt=\"Marcas-40\" \/><\/figure><\/div><div class=\"swiper-slide\"><figure class=\"swiper-slide-inner\"><img decoding=\"async\" class=\"swiper-slide-image\" src=\"https:\/\/mieslabon.com\/web\/wp-content\/uploads\/2024\/05\/Marcas-36-2.png\" alt=\"Marcas-36\" \/><\/figure><\/div><div class=\"swiper-slide\"><figure class=\"swiper-slide-inner\"><img decoding=\"async\" class=\"swiper-slide-image\" src=\"https:\/\/mieslabon.com\/web\/wp-content\/uploads\/2024\/05\/Marcas-37.png\" alt=\"Marcas-37\" \/><\/figure><\/div><div class=\"swiper-slide\"><figure class=\"swiper-slide-inner\"><img decoding=\"async\" class=\"swiper-slide-image\" src=\"https:\/\/mieslabon.com\/web\/wp-content\/uploads\/2024\/05\/Marcas-31-1.png\" alt=\"Marcas-31\" \/><\/figure><\/div><div class=\"swiper-slide\"><figure class=\"swiper-slide-inner\"><img decoding=\"async\" class=\"swiper-slide-image\" src=\"https:\/\/mieslabon.com\/web\/wp-content\/uploads\/2024\/05\/Marcas-32-1.png\" alt=\"Marcas-32\" \/><\/figure><\/div><div class=\"swiper-slide\"><figure class=\"swiper-slide-inner\"><img decoding=\"async\" class=\"swiper-slide-image\" src=\"https:\/\/mieslabon.com\/web\/wp-content\/uploads\/2024\/05\/Marcas-33-1.png\" alt=\"Marcas-33\" \/><\/figure><\/div>\t\t\t<\/div>\n\t\t\t\t\t\t\t\t\t\t\t\t<div class=\"swiper-pagination\"><\/div>\n\t\t\t\t\t\t\t\t\t\t\t\t\t<div class=\"elementor-swiper-button elementor-swiper-button-prev\">\n\t\t\t\t\t\t<i aria-hidden=\"true\" class=\"eicon-chevron-left\"><\/i>\t\t\t\t\t\t<span class=\"elementor-screen-only\">Anterior<\/span>\n\t\t\t\t\t<\/div>\n\t\t\t\t\t<div class=\"elementor-swiper-button elementor-swiper-button-next\">\n\t\t\t\t\t\t<i aria-hidden=\"true\" class=\"eicon-chevron-right\"><\/i>\t\t\t\t\t\t<span class=\"elementor-screen-only\">Siguiente<\/span>\n\t\t\t\t\t<\/div>\n\t\t\t\t\t\t\t\t\t<\/div>\n\t\t\t\t<\/div>\n\t\t\t\t<\/div>\n\t\t\t\t<div class=\"elementor-element elementor-element-b44a3bb elementor-widget elementor-widget-spacer\" data-id=\"b44a3bb\" data-element_type=\"widget\" data-widget_type=\"spacer.default\">\n\t\t\t\t<div class=\"elementor-widget-container\">\n\t\t\t\t\t<div class=\"elementor-spacer\">\n\t\t\t<div class=\"elementor-spacer-inner\"><\/div>\n\t\t<\/div>\n\t\t\t\t<\/div>\n\t\t\t\t<\/div>\n\t\t\t\t\t\t<\/div>\n\t\t\t\t\t<\/div>\n\t\t<\/div>\n\t\t\t\t<div class=\"elementor-column elementor-col-33 elementor-top-column elementor-element elementor-element-1ed4adb\" data-id=\"1ed4adb\" data-element_type=\"column\">\n\t\t\t<div class=\"elementor-column-wrap\">\n\t\t\t\t\t\t\t<div class=\"elementor-widget-wrap\">\n\t\t\t\t\t\t\t\t<\/div>\n\t\t\t\t\t<\/div>\n\t\t<\/div>\n\t\t\t\t<div class=\"elementor-column elementor-col-33 elementor-top-column elementor-element elementor-element-a9e44e1\" data-id=\"a9e44e1\" data-element_type=\"column\" data-settings=\"{&quot;background_background&quot;:&quot;classic&quot;}\">\n\t\t\t<div class=\"elementor-column-wrap elementor-element-populated\">\n\t\t\t\t\t\t\t<div class=\"elementor-widget-wrap\">\n\t\t\t\t\t\t<div class=\"elementor-element elementor-element-51dadfa elementor-widget elementor-widget-html\" data-id=\"51dadfa\" data-element_type=\"widget\" data-widget_type=\"html.default\">\n\t\t\t\t<div class=\"elementor-widget-container\">\n\t\t\t<style> \r\n  body {\r\n    background-color: #f5f5f5;\r\n    font-family: Arial, sans-serif;\r\n    padding: 20px;\r\n  }\r\n\r\n  .form-container {\r\n    background-color: white;\r\n    max-width: 500px;\r\n    margin: auto;\r\n    padding: 30px;\r\n    border-radius: 18px;\r\n    box-shadow: 0 4px 15px rgba(0, 0, 0, 0.1);\r\n  }\r\n\r\n  .form-container h1 {\r\n    text-align: center;\r\n    margin-bottom: 0px;\r\n    font-size: 40px;\r\n    color: #0C2C37;\r\n  }\r\n\r\n  .form-container p {\r\n    text-align: center;\r\n    margin-bottom: 30px;\r\n    color: #0C2C37;\r\n    font-size: 18px;\r\n  }\r\n\r\n  label {\r\n    display: block;\r\n    margin-bottom: 5px;\r\n    font-weight: medium;\r\n    color: #0C2C37;\r\n    font-size: 12px;\r\n  }\r\n\r\n  input {\r\n    width: 100%;\r\n    padding: 10px;\r\n    margin-bottom: 30px;\r\n    border: 1px solid #ccc;\r\n    border-radius: 60px;\r\n    box-sizing: border-box;\r\n  }\r\n\r\n  button {\r\n    background-color: #A32CDF !important;\r\n    color: white !important;\r\n    padding: 18px;\r\n    border: none !important;\r\n    border-radius: 15px !important;\r\n    font-size: 18px;\r\n    width: 100% !important;\r\n    cursor: pointer;\r\n    transition: all 0.3s ease;\r\n  }\r\n\r\n  button:hover {\r\n    transform: scale(1.05);\r\n  }\r\n<\/style>\r\n\r\n<div class=\"form-container\">\r\n  <h1><strong>Prueba MiEslab\u00f3n<\/strong><\/h1>\r\n  <p>Agenda una demo con nosotros para tu universidad<\/p>\r\n\r\n  <form id=\"miFormulario\">\r\n    <label for=\"nombre\">Nombre*<\/label>\r\n    <input type=\"text\" name=\"nombre\" required>\r\n\r\n    <label for=\"apellido\">Apellido*<\/label>\r\n    <input type=\"text\" name=\"apellido\" required>\r\n\r\n    <label for=\"celular\">Celular*<\/label>\r\n    <input type=\"tel\" name=\"celular\" required>\r\n\r\n    <label for=\"correo\">Correo corporativo*<\/label>\r\n    <input type=\"email\" name=\"correo\" required>\r\n\r\n    <label for=\"universidad\">Nombre de la universidad*<\/label>\r\n    <input type=\"text\" name=\"universidad\" required>\r\n\r\n    <button type=\"submit\">Agenda una demo gratis<\/button>\r\n\r\n    <div class=\"success-message\" id=\"mensajeExito\" style=\"display:none;\">\r\n      \u00a1Gracias! Hemos recibido tu informaci\u00f3n.\r\n    <\/div>\r\n  <\/form>\r\n<\/div>\r\n\r\n<script>\r\n  const scriptURL = 'https:\/\/script.google.com\/macros\/s\/AKfycbzJSUSDro46oN7RdqjIaj1etXUo7htpuU5Qm0hL4yeMNzsWV1u3eoRS3TEvm1VdYzny\/exec'; \/\/ REEMPLAZA CON TU NUEVO LINK\r\n  const form = document.getElementById('miFormulario');\r\n\r\n  form.addEventListener('submit', e => {\r\n    e.preventDefault();\r\n\r\n    const datos = new FormData(form);\r\n    const payload = new URLSearchParams(datos);\r\n\r\n    const blob = new Blob([payload], { type: 'application\/x-www-form-urlencoded' });\r\n    navigator.sendBeacon(scriptURL, blob);\r\n\r\n    window.location.href = 'https:\/\/mieslabon.com\/web\/gracias-demo-universidades\/';\r\n  });\r\n<\/script>\t\t<\/div>\n\t\t\t\t<\/div>\n\t\t\t\t\t\t<\/div>\n\t\t\t\t\t<\/div>\n\t\t<\/div>\n\t\t\t\t\t\t\t\t<\/div>\n\t\t\t\t\t<\/div>\n\t\t<\/section>\n\t\t\t\t\t\t\t\t\t<\/div>\n\t\t\t<\/div>\n\t\t\t\t\t<\/div>\n\t\t","protected":false},"excerpt":{"rendered":"<p>Con\u00e9ctate desde un solo lugar con +50.000 bachilleres de +400 colegios en +24 departamentos Somos tu aliado estrat\u00e9gico para atraer a los perfiles ideales para tu oferta acad\u00e9mica, mientras brindas a tus estudiantes universitarios oportunidades reales a trav\u00e9s de nuestras convocatorias Marcas que conf\u00edan en nuestros resultados Anterior Siguiente Prueba MiEslab\u00f3n Agenda una demo con [&hellip;]<\/p>\n","protected":false},"author":4,"featured_media":0,"parent":0,"menu_order":0,"comment_status":"closed","ping_status":"closed","template":"elementor_canvas","meta":{"footnotes":""},"yst_prominent_words":[],"class_list":["post-6093","page","type-page","status-publish","hentry"],"_links":{"self":[{"href":"https:\/\/mieslabon.com\/web\/wp-json\/wp\/v2\/pages\/6093","targetHints":{"allow":["GET"]}}],"collection":[{"href":"https:\/\/mieslabon.com\/web\/wp-json\/wp\/v2\/pages"}],"about":[{"href":"https:\/\/mieslabon.com\/web\/wp-json\/wp\/v2\/types\/page"}],"author":[{"embeddable":true,"href":"https:\/\/mieslabon.com\/web\/wp-json\/wp\/v2\/users\/4"}],"replies":[{"embeddable":true,"href":"https:\/\/mieslabon.com\/web\/wp-json\/wp\/v2\/comments?post=6093"}],"version-history":[{"count":9,"href":"https:\/\/mieslabon.com\/web\/wp-json\/wp\/v2\/pages\/6093\/revisions"}],"predecessor-version":[{"id":6108,"href":"https:\/\/mieslabon.com\/web\/wp-json\/wp\/v2\/pages\/6093\/revisions\/6108"}],"wp:attachment":[{"href":"https:\/\/mieslabon.com\/web\/wp-json\/wp\/v2\/media?parent=6093"}],"wp:term":[{"taxonomy":"yst_prominent_words","embeddable":true,"href":"https:\/\/mieslabon.com\/web\/wp-json\/wp\/v2\/yst_prominent_words?post=6093"}],"curies":[{"name":"wp","href":"https:\/\/api.w.org\/{rel}","templated":true}]}}