{"id":188,"date":"2020-03-31T15:14:43","date_gmt":"2020-03-31T15:14:43","guid":{"rendered":"http:\/\/santiagoaristizabal.me\/kairos\/?page_id=188"},"modified":"2023-02-27T16:37:19","modified_gmt":"2023-02-27T16:37:19","slug":"blog","status":"publish","type":"page","link":"https:\/\/mieslabon.com\/web\/blog\/","title":{"rendered":"Blog"},"content":{"rendered":"\t\t<div data-elementor-type=\"wp-page\" data-elementor-id=\"188\" class=\"elementor elementor-188\">\n\t\t\t\t\t\t<div class=\"elementor-inner\">\n\t\t\t\t<div class=\"elementor-section-wrap\">\n\t\t\t\t\t\t\t\t\t<section class=\"elementor-section elementor-top-section elementor-element elementor-element-664b7a6 elementor-section-full_width elementor-section-height-default elementor-section-height-default\" data-id=\"664b7a6\" data-element_type=\"section\" data-settings=\"{&quot;background_background&quot;:&quot;classic&quot;}\">\n\t\t\t\t\t\t<div class=\"elementor-container elementor-column-gap-default\">\n\t\t\t\t\t\t\t<div class=\"elementor-row\">\n\t\t\t\t\t<div class=\"elementor-column elementor-col-100 elementor-top-column elementor-element elementor-element-a6e484a\" data-id=\"a6e484a\" data-element_type=\"column\">\n\t\t\t<div class=\"elementor-column-wrap elementor-element-populated\">\n\t\t\t\t\t\t\t<div class=\"elementor-widget-wrap\">\n\t\t\t\t\t\t<div class=\"elementor-element elementor-element-7ec197d elementor-widget elementor-widget-spacer\" data-id=\"7ec197d\" data-element_type=\"widget\" data-widget_type=\"spacer.default\">\n\t\t\t\t<div class=\"elementor-widget-container\">\n\t\t\t\t\t<div class=\"elementor-spacer\">\n\t\t\t<div class=\"elementor-spacer-inner\"><\/div>\n\t\t<\/div>\n\t\t\t\t<\/div>\n\t\t\t\t<\/div>\n\t\t\t\t<div class=\"elementor-element elementor-element-0386ee4 elementor-widget elementor-widget-image\" data-id=\"0386ee4\" data-element_type=\"widget\" data-widget_type=\"image.default\">\n\t\t\t\t<div class=\"elementor-widget-container\">\n\t\t\t\t\t\t\t\t<div class=\"elementor-image\">\n\t\t\t\t\t\t\t\t\t\t\t\t<img loading=\"lazy\" decoding=\"async\" width=\"800\" height=\"212\" src=\"https:\/\/mieslabon.com\/web\/wp-content\/uploads\/2023\/02\/Recurso-2-1-1024x271.png\" class=\"attachment-large size-large\" alt=\"\" srcset=\"https:\/\/mieslabon.com\/web\/wp-content\/uploads\/2023\/02\/Recurso-2-1-1024x271.png 1024w, https:\/\/mieslabon.com\/web\/wp-content\/uploads\/2023\/02\/Recurso-2-1-300x79.png 300w, https:\/\/mieslabon.com\/web\/wp-content\/uploads\/2023\/02\/Recurso-2-1-768x203.png 768w, https:\/\/mieslabon.com\/web\/wp-content\/uploads\/2023\/02\/Recurso-2-1.png 1143w\" sizes=\"auto, (max-width: 800px) 100vw, 800px\" \/>\t\t\t\t\t\t\t\t\t\t\t\t\t\t<\/div>\n\t\t\t\t\t\t<\/div>\n\t\t\t\t<\/div>\n\t\t\t\t<div class=\"elementor-element elementor-element-4f4ff88 elementor-widget elementor-widget-spacer\" data-id=\"4f4ff88\" data-element_type=\"widget\" data-widget_type=\"spacer.default\">\n\t\t\t\t<div class=\"elementor-widget-container\">\n\t\t\t\t\t<div class=\"elementor-spacer\">\n\t\t\t<div class=\"elementor-spacer-inner\"><\/div>\n\t\t<\/div>\n\t\t\t\t<\/div>\n\t\t\t\t<\/div>\n\t\t\t\t\t\t<\/div>\n\t\t\t\t\t<\/div>\n\t\t<\/div>\n\t\t\t\t\t\t\t\t<\/div>\n\t\t\t\t\t<\/div>\n\t\t<\/section>\n\t\t\t\t<section class=\"elementor-section elementor-top-section elementor-element elementor-element-6e5dd54 elementor-section-boxed elementor-section-height-default elementor-section-height-default\" data-id=\"6e5dd54\" data-element_type=\"section\">\n\t\t\t\t\t\t<div class=\"elementor-container elementor-column-gap-default\">\n\t\t\t\t\t\t\t<div class=\"elementor-row\">\n\t\t\t\t\t<div class=\"elementor-column elementor-col-100 elementor-top-column elementor-element elementor-element-4db3e94\" data-id=\"4db3e94\" data-element_type=\"column\">\n\t\t\t<div class=\"elementor-column-wrap elementor-element-populated\">\n\t\t\t\t\t\t\t<div class=\"elementor-widget-wrap\">\n\t\t\t\t\t\t<div class=\"elementor-element elementor-element-2778222 elementor-grid-3 elementor-grid-tablet-2 elementor-grid-mobile-1 elementor-posts--thumbnail-top elementor-widget elementor-widget-posts\" data-id=\"2778222\" data-element_type=\"widget\" data-settings=\"{&quot;classic_columns&quot;:&quot;3&quot;,&quot;classic_columns_tablet&quot;:&quot;2&quot;,&quot;classic_columns_mobile&quot;:&quot;1&quot;,&quot;classic_row_gap&quot;:{&quot;unit&quot;:&quot;px&quot;,&quot;size&quot;:35,&quot;sizes&quot;:[]},&quot;classic_row_gap_tablet&quot;:{&quot;unit&quot;:&quot;px&quot;,&quot;size&quot;:&quot;&quot;,&quot;sizes&quot;:[]},&quot;classic_row_gap_mobile&quot;:{&quot;unit&quot;:&quot;px&quot;,&quot;size&quot;:&quot;&quot;,&quot;sizes&quot;:[]}}\" data-widget_type=\"posts.classic\">\n\t\t\t\t<div class=\"elementor-widget-container\">\n\t\t\t\t\t<div class=\"elementor-posts-container elementor-posts elementor-posts--skin-classic elementor-grid\">\n\t\t\t\t<article class=\"elementor-post elementor-grid-item post-4210 post type-post status-publish format-standard hentry category-soy-joven\">\n\t\t\t\t<div class=\"elementor-post__text\">\n\t\t\t\t<h3 class=\"elementor-post__title\">\n\t\t\t<a href=\"https:\/\/mieslabon.com\/web\/6-mitos-de-estudiar-medicina-cosas-que-debes-de-saber-para-ser-medico-o-medica\/\" >\n\t\t\t\t6 mitos de estudiar medicina: Cosas que debes de saber para ser m\u00e9dico o m\u00e9dica\t\t\t<\/a>\n\t\t<\/h3>\n\t\t\t\t<div class=\"elementor-post__meta-data\">\n\t\t\t\t\t<span class=\"elementor-post-date\">\n\t\t\t11 abril 2023\t\t<\/span>\n\t\t\t\t<span class=\"elementor-post-avatar\">\n\t\t\tNo hay comentarios\t\t<\/span>\n\t\t\t\t<\/div>\n\t\t\t\t<div class=\"elementor-post__excerpt\">\n\t\t\t<p>Mito #1: Estudiar medicina es una carrera para salvar vidas MENTIRA Ayudar\u00e1s a prevenir enfermedades y mejorar la calidad de vida, pero no ser\u00e1s un<\/p>\n\t\t<\/div>\n\t\t\n\t\t<a class=\"elementor-post__read-more\" href=\"https:\/\/mieslabon.com\/web\/6-mitos-de-estudiar-medicina-cosas-que-debes-de-saber-para-ser-medico-o-medica\/\" >\n\t\t\tLeer M\u00e1s &gt;&gt;\t\t<\/a>\n\n\t\t\t\t<\/div>\n\t\t\t\t<\/article>\n\t\t\t\t<article class=\"elementor-post elementor-grid-item post-785 post type-post status-publish format-standard has-post-thumbnail hentry category-soy-joven\">\n\t\t\t\t<a class=\"elementor-post__thumbnail__link\" href=\"https:\/\/mieslabon.com\/web\/mieslabon-un-espacio-de-jovenes-para-jovenes\/\" >\n\t\t\t<div class=\"elementor-post__thumbnail\"><img loading=\"lazy\" decoding=\"async\" width=\"300\" height=\"168\" src=\"https:\/\/mieslabon.com\/web\/wp-content\/uploads\/2020\/06\/ganas-de-comerce-al-mundo-300x168.png\" class=\"attachment-medium size-medium\" alt=\"\" \/><\/div>\n\t\t<\/a>\n\t\t\t\t<div class=\"elementor-post__text\">\n\t\t\t\t<h3 class=\"elementor-post__title\">\n\t\t\t<a href=\"https:\/\/mieslabon.com\/web\/mieslabon-un-espacio-de-jovenes-para-jovenes\/\" >\n\t\t\t\tMiEslab\u00f3n, un espacio de j\u00f3venes para j\u00f3venes.\t\t\t<\/a>\n\t\t<\/h3>\n\t\t\t\t<div class=\"elementor-post__meta-data\">\n\t\t\t\t\t<span class=\"elementor-post-date\">\n\t\t\t21 mayo 2020\t\t<\/span>\n\t\t\t\t<span class=\"elementor-post-avatar\">\n\t\t\tNo hay comentarios\t\t<\/span>\n\t\t\t\t<\/div>\n\t\t\t\t<div class=\"elementor-post__excerpt\">\n\t\t\t<p>https:\/\/youtu.be\/Z5YZGrqaVQI \u00bfY por qu\u00e9 no regalar un espacio de j\u00f3venes para j\u00f3venes? La idea es que hagas de MiEslab\u00f3n un espacio para ti, para que<\/p>\n\t\t<\/div>\n\t\t\n\t\t<a class=\"elementor-post__read-more\" href=\"https:\/\/mieslabon.com\/web\/mieslabon-un-espacio-de-jovenes-para-jovenes\/\" >\n\t\t\tLeer M\u00e1s &gt;&gt;\t\t<\/a>\n\n\t\t\t\t<\/div>\n\t\t\t\t<\/article>\n\t\t\t\t<article class=\"elementor-post elementor-grid-item post-782 post type-post status-publish format-standard has-post-thumbnail hentry category-soy-joven\">\n\t\t\t\t<a class=\"elementor-post__thumbnail__link\" href=\"https:\/\/mieslabon.com\/web\/creer-es-el-primer-paso-para-crear\/\" >\n\t\t\t<div class=\"elementor-post__thumbnail\"><img loading=\"lazy\" decoding=\"async\" width=\"300\" height=\"169\" src=\"https:\/\/mieslabon.com\/web\/wp-content\/uploads\/2020\/05\/video1-300x169.png\" class=\"attachment-medium size-medium\" alt=\"\" \/><\/div>\n\t\t<\/a>\n\t\t\t\t<div class=\"elementor-post__text\">\n\t\t\t\t<h3 class=\"elementor-post__title\">\n\t\t\t<a href=\"https:\/\/mieslabon.com\/web\/creer-es-el-primer-paso-para-crear\/\" >\n\t\t\t\tCreer en vos es el primer paso para crear\t\t\t<\/a>\n\t\t<\/h3>\n\t\t\t\t<div class=\"elementor-post__meta-data\">\n\t\t\t\t\t<span class=\"elementor-post-date\">\n\t\t\t21 mayo 2020\t\t<\/span>\n\t\t\t\t<span class=\"elementor-post-avatar\">\n\t\t\tNo hay comentarios\t\t<\/span>\n\t\t\t\t<\/div>\n\t\t\t\t<div class=\"elementor-post__excerpt\">\n\t\t\t<p>Creer en que tus proyectos y pasiones pueden ser escuchados y apoyados es una realidad en MiEslab\u00f3n, hemos trabajado por a\u00f1os acompa\u00f1ando a crear su<\/p>\n\t\t<\/div>\n\t\t\n\t\t<a class=\"elementor-post__read-more\" href=\"https:\/\/mieslabon.com\/web\/creer-es-el-primer-paso-para-crear\/\" >\n\t\t\tLeer M\u00e1s &gt;&gt;\t\t<\/a>\n\n\t\t\t\t<\/div>\n\t\t\t\t<\/article>\n\t\t\t\t<article class=\"elementor-post elementor-grid-item post-779 post type-post status-publish format-standard has-post-thumbnail hentry category-soy-joven\">\n\t\t\t\t<a class=\"elementor-post__thumbnail__link\" href=\"https:\/\/mieslabon.com\/web\/que-tal-te-va-con-los-retos\/\" >\n\t\t\t<div class=\"elementor-post__thumbnail\"><img loading=\"lazy\" decoding=\"async\" width=\"300\" height=\"168\" src=\"https:\/\/mieslabon.com\/web\/wp-content\/uploads\/2020\/05\/que-son-los-campamentos-1-300x168.png\" class=\"attachment-medium size-medium\" alt=\"\" \/><\/div>\n\t\t<\/a>\n\t\t\t\t<div class=\"elementor-post__text\">\n\t\t\t\t<h3 class=\"elementor-post__title\">\n\t\t\t<a href=\"https:\/\/mieslabon.com\/web\/que-tal-te-va-con-los-retos\/\" >\n\t\t\t\t\u00bfQu\u00e9 tal te va con los retos?\t\t\t<\/a>\n\t\t<\/h3>\n\t\t\t\t<div class=\"elementor-post__meta-data\">\n\t\t\t\t\t<span class=\"elementor-post-date\">\n\t\t\t21 mayo 2020\t\t<\/span>\n\t\t\t\t<span class=\"elementor-post-avatar\">\n\t\t\tNo hay comentarios\t\t<\/span>\n\t\t\t\t<\/div>\n\t\t\t\t<div class=\"elementor-post__excerpt\">\n\t\t\t<p>https:\/\/youtu.be\/SKGNOFv5lrI Los campamentos de proyecci\u00f3n son un proyecto maravilloso e intenso. Actualmente nuestro equipo trabaja en la versi\u00f3n para 2022.\u00a0 Nadie se certificaba si no<\/p>\n\t\t<\/div>\n\t\t\n\t\t<a class=\"elementor-post__read-more\" href=\"https:\/\/mieslabon.com\/web\/que-tal-te-va-con-los-retos\/\" >\n\t\t\tLeer M\u00e1s &gt;&gt;\t\t<\/a>\n\n\t\t\t\t<\/div>\n\t\t\t\t<\/article>\n\t\t\t\t<article class=\"elementor-post elementor-grid-item post-773 post type-post status-publish format-standard has-post-thumbnail hentry category-soy-padre\">\n\t\t\t\t<a class=\"elementor-post__thumbnail__link\" href=\"https:\/\/mieslabon.com\/web\/te-contamos-eso-que-nos-moviliza\/\" >\n\t\t\t<div class=\"elementor-post__thumbnail\"><img loading=\"lazy\" decoding=\"async\" width=\"300\" height=\"151\" src=\"https:\/\/mieslabon.com\/web\/wp-content\/uploads\/2020\/05\/Captura-300x151.png\" class=\"attachment-medium size-medium\" alt=\"\" \/><\/div>\n\t\t<\/a>\n\t\t\t\t<div class=\"elementor-post__text\">\n\t\t\t\t<h3 class=\"elementor-post__title\">\n\t\t\t<a href=\"https:\/\/mieslabon.com\/web\/te-contamos-eso-que-nos-moviliza\/\" >\n\t\t\t\tTe contamos eso que nos moviliza\t\t\t<\/a>\n\t\t<\/h3>\n\t\t\t\t<div class=\"elementor-post__meta-data\">\n\t\t\t\t\t<span class=\"elementor-post-date\">\n\t\t\t21 mayo 2020\t\t<\/span>\n\t\t\t\t<span class=\"elementor-post-avatar\">\n\t\t\tNo hay comentarios\t\t<\/span>\n\t\t\t\t<\/div>\n\t\t\t\t<div class=\"elementor-post__excerpt\">\n\t\t\t<p>https:\/\/youtu.be\/eq8Gs_GaCec En MiEslabon.com podr\u00e1s encontrar voluntariados, creemos en el poder de los j\u00f3venes voluntarios en el mundo. GANAMOS experiencia a cambio de nuestro TRABAJO VOLUNTARIO.\u00a0<\/p>\n\t\t<\/div>\n\t\t\n\t\t<a class=\"elementor-post__read-more\" href=\"https:\/\/mieslabon.com\/web\/te-contamos-eso-que-nos-moviliza\/\" >\n\t\t\tLeer M\u00e1s &gt;&gt;\t\t<\/a>\n\n\t\t\t\t<\/div>\n\t\t\t\t<\/article>\n\t\t\t\t<article class=\"elementor-post elementor-grid-item post-770 post type-post status-publish format-standard has-post-thumbnail hentry category-soy-padre\">\n\t\t\t\t<a class=\"elementor-post__thumbnail__link\" href=\"https:\/\/mieslabon.com\/web\/queremos-que-conozcas-mas-sobre-nosotros\/\" >\n\t\t\t<div class=\"elementor-post__thumbnail\"><img loading=\"lazy\" decoding=\"async\" width=\"300\" height=\"151\" src=\"https:\/\/mieslabon.com\/web\/wp-content\/uploads\/2020\/05\/mundo-300x151.png\" class=\"attachment-medium size-medium\" alt=\"\" \/><\/div>\n\t\t<\/a>\n\t\t\t\t<div class=\"elementor-post__text\">\n\t\t\t\t<h3 class=\"elementor-post__title\">\n\t\t\t<a href=\"https:\/\/mieslabon.com\/web\/queremos-que-conozcas-mas-sobre-nosotros\/\" >\n\t\t\t\tQueremos que conozcas m\u00e1s sobre nosotros\t\t\t<\/a>\n\t\t<\/h3>\n\t\t\t\t<div class=\"elementor-post__meta-data\">\n\t\t\t\t\t<span class=\"elementor-post-date\">\n\t\t\t21 mayo 2020\t\t<\/span>\n\t\t\t\t<span class=\"elementor-post-avatar\">\n\t\t\tNo hay comentarios\t\t<\/span>\n\t\t\t\t<\/div>\n\t\t\t\t<div class=\"elementor-post__excerpt\">\n\t\t\t<p>https:\/\/youtu.be\/SdqlVf65DSI Hace unos a\u00f1os nuestro equipo se conoc\u00eda como Kairos, y realizamos proyectos maravillosos. A partir de 2017 &#8211; 2019 decidimos hacer un cambio para<\/p>\n\t\t<\/div>\n\t\t\n\t\t<a class=\"elementor-post__read-more\" href=\"https:\/\/mieslabon.com\/web\/queremos-que-conozcas-mas-sobre-nosotros\/\" >\n\t\t\tLeer M\u00e1s &gt;&gt;\t\t<\/a>\n\n\t\t\t\t<\/div>\n\t\t\t\t<\/article>\n\t\t\t\t<\/div>\n\n\n\t\t\n\t\t\t\t<\/div>\n\t\t\t\t<\/div>\n\t\t\t\t\t\t<\/div>\n\t\t\t\t\t<\/div>\n\t\t<\/div>\n\t\t\t\t\t\t\t\t<\/div>\n\t\t\t\t\t<\/div>\n\t\t<\/section>\n\t\t\t\t\t\t\t\t\t<\/div>\n\t\t\t<\/div>\n\t\t\t\t\t<\/div>\n\t\t","protected":false},"excerpt":{"rendered":"","protected":false},"author":2,"featured_media":0,"parent":0,"menu_order":0,"comment_status":"closed","ping_status":"closed","template":"","meta":{"footnotes":""},"yst_prominent_words":[],"class_list":["post-188","page","type-page","status-publish","hentry"],"_links":{"self":[{"href":"https:\/\/mieslabon.com\/web\/wp-json\/wp\/v2\/pages\/188","targetHints":{"allow":["GET"]}}],"collection":[{"href":"https:\/\/mieslabon.com\/web\/wp-json\/wp\/v2\/pages"}],"about":[{"href":"https:\/\/mieslabon.com\/web\/wp-json\/wp\/v2\/types\/page"}],"author":[{"embeddable":true,"href":"https:\/\/mieslabon.com\/web\/wp-json\/wp\/v2\/users\/2"}],"replies":[{"embeddable":true,"href":"https:\/\/mieslabon.com\/web\/wp-json\/wp\/v2\/comments?post=188"}],"version-history":[{"count":55,"href":"https:\/\/mieslabon.com\/web\/wp-json\/wp\/v2\/pages\/188\/revisions"}],"predecessor-version":[{"id":4126,"href":"https:\/\/mieslabon.com\/web\/wp-json\/wp\/v2\/pages\/188\/revisions\/4126"}],"wp:attachment":[{"href":"https:\/\/mieslabon.com\/web\/wp-json\/wp\/v2\/media?parent=188"}],"wp:term":[{"taxonomy":"yst_prominent_words","embeddable":true,"href":"https:\/\/mieslabon.com\/web\/wp-json\/wp\/v2\/yst_prominent_words?post=188"}],"curies":[{"name":"wp","href":"https:\/\/api.w.org\/{rel}","templated":true}]}}